{"id":1463,"date":"2023-03-14T12:51:18","date_gmt":"2023-03-14T12:51:18","guid":{"rendered":"https:\/\/pivotly.ee\/test\/?page_id=1463"},"modified":"2023-04-13T07:55:11","modified_gmt":"2023-04-13T07:55:11","slug":"personaalne-coaching","status":"publish","type":"page","link":"https:\/\/pivotly.ee\/test\/coachid\/ilona-lott\/personaalne-coaching\/","title":{"rendered":"Personaalne coaching"},"content":{"rendered":"\t\t<div data-elementor-type=\"wp-page\" data-elementor-id=\"1463\" class=\"elementor elementor-1463\">\n\t\t\t\t\t\t<section class=\"elementor-section elementor-top-section elementor-element elementor-element-4dce87e elementor-reverse-mobile elementor-section-boxed elementor-section-height-default elementor-section-height-default\" data-id=\"4dce87e\" data-element_type=\"section\" data-settings=\"{&quot;background_background&quot;:&quot;classic&quot;}\">\n\t\t\t\t\t\t<div class=\"elementor-container elementor-column-gap-default\">\n\t\t\t\t\t<div class=\"elementor-column elementor-col-33 elementor-top-column elementor-element elementor-element-89d2dae\" data-id=\"89d2dae\" data-element_type=\"column\">\n\t\t\t<div class=\"elementor-widget-wrap elementor-element-populated\">\n\t\t\t\t\t\t<div class=\"elementor-element elementor-element-98adcbe elementor-widget elementor-widget-image\" data-id=\"98adcbe\" data-element_type=\"widget\" data-widget_type=\"image.default\">\n\t\t\t\t<div class=\"elementor-widget-container\">\n\t\t\t\t\t\t\t\t\t\t\t\t\t\t\t<img fetchpriority=\"high\" decoding=\"async\" width=\"437\" height=\"700\" src=\"https:\/\/pivotly.ee\/test\/wp-content\/uploads\/2023\/03\/personaalne-coaching.png\" class=\"attachment-full size-full wp-image-1474\" alt=\"\" srcset=\"https:\/\/pivotly.ee\/test\/wp-content\/uploads\/2023\/03\/personaalne-coaching.png 437w, https:\/\/pivotly.ee\/test\/wp-content\/uploads\/2023\/03\/personaalne-coaching-187x300.png 187w\" sizes=\"(max-width: 437px) 100vw, 437px\" \/>\t\t\t\t\t\t\t\t\t\t\t\t\t\t\t<\/div>\n\t\t\t\t<\/div>\n\t\t\t\t\t<\/div>\n\t\t<\/div>\n\t\t\t\t<div class=\"elementor-column elementor-col-66 elementor-top-column elementor-element elementor-element-08f08d6\" data-id=\"08f08d6\" data-element_type=\"column\">\n\t\t\t<div class=\"elementor-widget-wrap elementor-element-populated\">\n\t\t\t\t\t\t<div class=\"elementor-element elementor-element-01b4ab6 elementor-widget elementor-widget-text-editor\" data-id=\"01b4ab6\" data-element_type=\"widget\" data-widget_type=\"text-editor.default\">\n\t\t\t\t<div class=\"elementor-widget-container\">\n\t\t\t\t\t\t\t\t\t<p>Pakett<\/p>\t\t\t\t\t\t\t\t<\/div>\n\t\t\t\t<\/div>\n\t\t\t\t<div class=\"elementor-element elementor-element-48b0da7 elementor-widget elementor-widget-heading\" data-id=\"48b0da7\" data-element_type=\"widget\" data-widget_type=\"heading.default\">\n\t\t\t\t<div class=\"elementor-widget-container\">\n\t\t\t\t\t<h1 class=\"elementor-heading-title elementor-size-default\">Personaalne coaching<\/h1>\t\t\t\t<\/div>\n\t\t\t\t<\/div>\n\t\t\t\t<div class=\"elementor-element elementor-element-f7bb4cd elementor-widget elementor-widget-text-editor\" data-id=\"f7bb4cd\" data-element_type=\"widget\" data-widget_type=\"text-editor.default\">\n\t\t\t\t<div class=\"elementor-widget-container\">\n\t\t\t\t\t\t\t\t\t<p>Aitan sul kaardistada hetkeolukorra, panna paika soovitud eesm\u00e4rgi ning koostada konkreetse tegevuskava, et soovitud eesm\u00e4rgini j\u00f5uda. Vajadusel kohandame jooksvalt plaani v\u00f5i hoopis muudame eesm\u00e4rke. Selgete sihtide ja teadliku tegevuse toel on Su tulevik just selline nagu Sa ise soovid!<\/p><p>Programm sobib nii kobarv\u00e4ljakutsete lahendamiseks kui ka \u00fche v\u00e4ljakutse s\u00fcviti anal\u00fc\u00fcsimiseks. Sina juhid teekonda, mina pakun usaldusv\u00e4\u00e4rset keskkonda ja k\u00fcsin k\u00fcsimusi, mis aitavad selgust luua ja edasi minna.<\/p><p>Personaalne coaching kestab kuni 6 kuud ja t\u00e4psema ajakava paneme paika kohtumise k\u00e4igus. Alustame alati tutvustavast kohtumisest. Viimasel kohtumisel v\u00f5tame aega protsessi kokkuv\u00f5tteks ja tuleviku visioonide loomiseks.<\/p><p>Kui tunned, et personaalne coaching on just see, mis Sul elus uusi uksi avada aitaks, siis broneeri aeg tutvumisseansile!<\/p>\t\t\t\t\t\t\t\t<\/div>\n\t\t\t\t<\/div>\n\t\t\t\t<div class=\"elementor-element elementor-element-457dc20 elementor-align-left elementor-widget elementor-widget-button\" data-id=\"457dc20\" data-element_type=\"widget\" data-widget_type=\"button.default\">\n\t\t\t\t<div class=\"elementor-widget-container\">\n\t\t\t\t\t\t\t\t\t<div class=\"elementor-button-wrapper\">\n\t\t\t\t\t<a class=\"elementor-button elementor-button-link elementor-size-sm\" href=\"https:\/\/pivotly.ee\/test\/vota-uhendust\/\">\n\t\t\t\t\t\t<span class=\"elementor-button-content-wrapper\">\n\t\t\t\t\t\t\t\t\t<span class=\"elementor-button-text\">Broneeri kohtumine<\/span>\n\t\t\t\t\t<\/span>\n\t\t\t\t\t<\/a>\n\t\t\t\t<\/div>\n\t\t\t\t\t\t\t\t<\/div>\n\t\t\t\t<\/div>\n\t\t\t\t\t<\/div>\n\t\t<\/div>\n\t\t\t\t\t<\/div>\n\t\t<\/section>\n\t\t\t\t<section class=\"elementor-section elementor-top-section elementor-element elementor-element-a1ac7d3 elementor-section-boxed elementor-section-height-default elementor-section-height-default\" data-id=\"a1ac7d3\" data-element_type=\"section\">\n\t\t\t\t\t\t<div class=\"elementor-container elementor-column-gap-default\">\n\t\t\t\t\t<div class=\"elementor-column elementor-col-100 elementor-top-column elementor-element elementor-element-8486cab\" data-id=\"8486cab\" data-element_type=\"column\">\n\t\t\t<div class=\"elementor-widget-wrap elementor-element-populated\">\n\t\t\t\t\t\t<section class=\"elementor-section elementor-inner-section elementor-element elementor-element-4aa54e4 elementor-section-boxed elementor-section-height-default elementor-section-height-default\" data-id=\"4aa54e4\" data-element_type=\"section\" data-settings=\"{&quot;background_background&quot;:&quot;classic&quot;}\">\n\t\t\t\t\t\t<div class=\"elementor-container elementor-column-gap-default\">\n\t\t\t\t\t<div class=\"elementor-column elementor-col-66 elementor-inner-column elementor-element elementor-element-34ae97e\" data-id=\"34ae97e\" data-element_type=\"column\" data-settings=\"{&quot;background_background&quot;:&quot;classic&quot;}\">\n\t\t\t<div class=\"elementor-widget-wrap elementor-element-populated\">\n\t\t\t\t\t<div class=\"elementor-background-overlay\"><\/div>\n\t\t\t\t\t\t<div class=\"elementor-element elementor-element-f8034c3 elementor-widget elementor-widget-text-editor\" data-id=\"f8034c3\" data-element_type=\"widget\" data-widget_type=\"text-editor.default\">\n\t\t\t\t<div class=\"elementor-widget-container\">\n\t\t\t\t\t\t\t\t\t<p>Coach<\/p>\t\t\t\t\t\t\t\t<\/div>\n\t\t\t\t<\/div>\n\t\t\t\t<div class=\"elementor-element elementor-element-3f8fc04 elementor-widget elementor-widget-heading\" data-id=\"3f8fc04\" data-element_type=\"widget\" data-widget_type=\"heading.default\">\n\t\t\t\t<div class=\"elementor-widget-container\">\n\t\t\t\t\t<h3 class=\"elementor-heading-title elementor-size-default\">Ilona Lott<\/h3>\t\t\t\t<\/div>\n\t\t\t\t<\/div>\n\t\t\t\t<div class=\"elementor-element elementor-element-fc1f2b4 elementor-widget elementor-widget-text-editor\" data-id=\"fc1f2b4\" data-element_type=\"widget\" data-widget_type=\"text-editor.default\">\n\t\t\t\t<div class=\"elementor-widget-container\">\n\t\t\t\t\t\t\t\t\t<p>Olen maailmakodanik, kelle s\u00fcdameasjaks on aidata kaasa inimeste positiivsele enesearengule. Elukestva \u00f5ppijana vajan pidevalt midagi uut, mille kaudu maailma muuta.<\/p>\t\t\t\t\t\t\t\t<\/div>\n\t\t\t\t<\/div>\n\t\t\t\t<div class=\"elementor-element elementor-element-36023c5 elementor-align-left elementor-widget elementor-widget-button\" data-id=\"36023c5\" data-element_type=\"widget\" data-widget_type=\"button.default\">\n\t\t\t\t<div class=\"elementor-widget-container\">\n\t\t\t\t\t\t\t\t\t<div class=\"elementor-button-wrapper\">\n\t\t\t\t\t<a class=\"elementor-button elementor-button-link elementor-size-sm\" href=\"https:\/\/pivotly.ee\/test\/coachid\/ilona-lott\/\">\n\t\t\t\t\t\t<span class=\"elementor-button-content-wrapper\">\n\t\t\t\t\t\t\t\t\t<span class=\"elementor-button-text\">Minu lugu<\/span>\n\t\t\t\t\t<\/span>\n\t\t\t\t\t<\/a>\n\t\t\t\t<\/div>\n\t\t\t\t\t\t\t\t<\/div>\n\t\t\t\t<\/div>\n\t\t\t\t\t<\/div>\n\t\t<\/div>\n\t\t\t\t<div class=\"elementor-column elementor-col-33 elementor-inner-column elementor-element elementor-element-e57c87c\" data-id=\"e57c87c\" data-element_type=\"column\" data-settings=\"{&quot;background_background&quot;:&quot;classic&quot;}\">\n\t\t\t<div class=\"elementor-widget-wrap elementor-element-populated\">\n\t\t\t\t\t\t<div class=\"elementor-element elementor-element-2d8767d elementor-widget elementor-widget-spacer\" data-id=\"2d8767d\" data-element_type=\"widget\" data-widget_type=\"spacer.default\">\n\t\t\t\t<div class=\"elementor-widget-container\">\n\t\t\t\t\t\t\t<div class=\"elementor-spacer\">\n\t\t\t<div class=\"elementor-spacer-inner\"><\/div>\n\t\t<\/div>\n\t\t\t\t\t\t<\/div>\n\t\t\t\t<\/div>\n\t\t\t\t\t<\/div>\n\t\t<\/div>\n\t\t\t\t\t<\/div>\n\t\t<\/section>\n\t\t\t\t\t<\/div>\n\t\t<\/div>\n\t\t\t\t\t<\/div>\n\t\t<\/section>\n\t\t\t\t<\/div>\n\t\t","protected":false},"excerpt":{"rendered":"<p>Pakett Personaalne coaching Aitan sul kaardistada hetkeolukorra, panna paika soovitud eesm\u00e4rgi ning koostada konkreetse tegevuskava, et soovitud eesm\u00e4rgini j\u00f5uda. Vajadusel kohandame jooksvalt plaani v\u00f5i hoopis muudame eesm\u00e4rke. Selgete sihtide ja teadliku tegevuse toel on Su tulevik just selline nagu Sa ise soovid! Programm sobib nii kobarv\u00e4ljakutsete lahendamiseks kui ka \u00fche v\u00e4ljakutse s\u00fcviti anal\u00fc\u00fcsimiseks. Sina juhid [&hellip;]<\/p>\n","protected":false},"author":1,"featured_media":0,"parent":1013,"menu_order":0,"comment_status":"closed","ping_status":"closed","template":"","meta":{"om_disable_all_campaigns":false,"inline_featured_image":false,"_uf_show_specific_survey":0,"_uf_disable_surveys":false,"footnotes":""},"class_list":["post-1463","page","type-page","status-publish","hentry"],"_links":{"self":[{"href":"https:\/\/pivotly.ee\/test\/wp-json\/wp\/v2\/pages\/1463","targetHints":{"allow":["GET"]}}],"collection":[{"href":"https:\/\/pivotly.ee\/test\/wp-json\/wp\/v2\/pages"}],"about":[{"href":"https:\/\/pivotly.ee\/test\/wp-json\/wp\/v2\/types\/page"}],"author":[{"embeddable":true,"href":"https:\/\/pivotly.ee\/test\/wp-json\/wp\/v2\/users\/1"}],"replies":[{"embeddable":true,"href":"https:\/\/pivotly.ee\/test\/wp-json\/wp\/v2\/comments?post=1463"}],"version-history":[{"count":47,"href":"https:\/\/pivotly.ee\/test\/wp-json\/wp\/v2\/pages\/1463\/revisions"}],"predecessor-version":[{"id":2948,"href":"https:\/\/pivotly.ee\/test\/wp-json\/wp\/v2\/pages\/1463\/revisions\/2948"}],"up":[{"embeddable":true,"href":"https:\/\/pivotly.ee\/test\/wp-json\/wp\/v2\/pages\/1013"}],"wp:attachment":[{"href":"https:\/\/pivotly.ee\/test\/wp-json\/wp\/v2\/media?parent=1463"}],"curies":[{"name":"wp","href":"https:\/\/api.w.org\/{rel}","templated":true}]}}