{"id":1564,"date":"2023-03-14T13:38:15","date_gmt":"2023-03-14T13:38:15","guid":{"rendered":"https:\/\/pivotly.ee\/test\/?page_id=1564"},"modified":"2023-04-13T07:54:32","modified_gmt":"2023-04-13T07:54:32","slug":"inspiratsioonipaev","status":"publish","type":"page","link":"https:\/\/pivotly.ee\/test\/coachid\/allar-raja\/inspiratsioonipaev\/","title":{"rendered":"Inspiratsioonip\u00e4ev"},"content":{"rendered":"\t\t<div data-elementor-type=\"wp-page\" data-elementor-id=\"1564\" class=\"elementor elementor-1564\">\n\t\t\t\t\t\t<section class=\"elementor-section elementor-top-section elementor-element elementor-element-4dce87e elementor-reverse-mobile elementor-section-boxed elementor-section-height-default elementor-section-height-default\" data-id=\"4dce87e\" data-element_type=\"section\" data-settings=\"{&quot;background_background&quot;:&quot;classic&quot;}\">\n\t\t\t\t\t\t<div class=\"elementor-container elementor-column-gap-default\">\n\t\t\t\t\t<div class=\"elementor-column elementor-col-33 elementor-top-column elementor-element elementor-element-89d2dae\" data-id=\"89d2dae\" data-element_type=\"column\">\n\t\t\t<div class=\"elementor-widget-wrap elementor-element-populated\">\n\t\t\t\t\t\t<div class=\"elementor-element elementor-element-98adcbe elementor-widget elementor-widget-image\" data-id=\"98adcbe\" data-element_type=\"widget\" data-widget_type=\"image.default\">\n\t\t\t\t<div class=\"elementor-widget-container\">\n\t\t\t\t\t\t\t\t\t\t\t\t\t\t\t<img fetchpriority=\"high\" decoding=\"async\" width=\"410\" height=\"700\" src=\"https:\/\/pivotly.ee\/test\/wp-content\/uploads\/2023\/03\/inspiratsioonipaev.png\" class=\"attachment-full size-full wp-image-1567\" alt=\"\" srcset=\"https:\/\/pivotly.ee\/test\/wp-content\/uploads\/2023\/03\/inspiratsioonipaev.png 410w, https:\/\/pivotly.ee\/test\/wp-content\/uploads\/2023\/03\/inspiratsioonipaev-176x300.png 176w\" sizes=\"(max-width: 410px) 100vw, 410px\" \/>\t\t\t\t\t\t\t\t\t\t\t\t\t\t\t<\/div>\n\t\t\t\t<\/div>\n\t\t\t\t\t<\/div>\n\t\t<\/div>\n\t\t\t\t<div class=\"elementor-column elementor-col-66 elementor-top-column elementor-element elementor-element-08f08d6\" data-id=\"08f08d6\" data-element_type=\"column\">\n\t\t\t<div class=\"elementor-widget-wrap elementor-element-populated\">\n\t\t\t\t\t\t<div class=\"elementor-element elementor-element-01b4ab6 elementor-widget elementor-widget-text-editor\" data-id=\"01b4ab6\" data-element_type=\"widget\" data-widget_type=\"text-editor.default\">\n\t\t\t\t<div class=\"elementor-widget-container\">\n\t\t\t\t\t\t\t\t\t<p>Pakett<\/p>\t\t\t\t\t\t\t\t<\/div>\n\t\t\t\t<\/div>\n\t\t\t\t<div class=\"elementor-element elementor-element-48b0da7 elementor-widget elementor-widget-heading\" data-id=\"48b0da7\" data-element_type=\"widget\" data-widget_type=\"heading.default\">\n\t\t\t\t<div class=\"elementor-widget-container\">\n\t\t\t\t\t<h1 class=\"elementor-heading-title elementor-size-default\">Inspiratsioonip\u00e4ev<\/h1>\t\t\t\t<\/div>\n\t\t\t\t<\/div>\n\t\t\t\t<div class=\"elementor-element elementor-element-f7bb4cd elementor-widget elementor-widget-text-editor\" data-id=\"f7bb4cd\" data-element_type=\"widget\" data-widget_type=\"text-editor.default\">\n\t\t\t\t<div class=\"elementor-widget-container\">\n\t\t\t\t\t\t\t\t\t<p>Kui sa tunned, et sinu meeskonnal hakkab langema motivatsioon, siis on see pakett m\u00f5eldud just sinu jaoks. Arutame koos l\u00e4bi ettev\u00f5tte valukohad ja paneme paika eem\u00e4rgid nii ettev\u00f5tte kui ka individuaalses vaates.\u00a0<\/p><p>Pika sportlasekarj\u00e4\u00e4ri jooksul on mul olnud palju erinevaid treenereid, kes k\u00f5ik on kasutanud heade tulemusteni j\u00f5udmise nimel erinevaid meetodeid. Tean omast kogemusest millised neist soovitustest ei t\u00f6\u00f6ta ja millistest t\u00f5epoolest kasu on, et kiiresti, j\u00e4rjekindlalt ning organismi ja ps\u00fc\u00fchikat kurnamata soovitud tulemusteni j\u00f5uda.<\/p><p>Toon erinevaid n\u00e4iteid, oskan kirjeldada kuhu seni valitud viisid viia v\u00f5ivad ning anda soovitusi mida ja kuidas peaks muutma, et ka p\u00e4riselt seatud eesm\u00e4rkideni j\u00f5uda. Annan meeskonnale indu ja motivatsiooni valitud suunas edasi liikuda.<\/p><div>\u00a0<\/div>\t\t\t\t\t\t\t\t<\/div>\n\t\t\t\t<\/div>\n\t\t\t\t<div class=\"elementor-element elementor-element-457dc20 elementor-align-left elementor-widget elementor-widget-button\" data-id=\"457dc20\" data-element_type=\"widget\" data-widget_type=\"button.default\">\n\t\t\t\t<div class=\"elementor-widget-container\">\n\t\t\t\t\t\t\t\t\t<div class=\"elementor-button-wrapper\">\n\t\t\t\t\t<a class=\"elementor-button elementor-button-link elementor-size-sm\" href=\"https:\/\/pivotly.ee\/test\/vota-uhendust\/\">\n\t\t\t\t\t\t<span class=\"elementor-button-content-wrapper\">\n\t\t\t\t\t\t\t\t\t<span class=\"elementor-button-text\">Broneeri kohtumine<\/span>\n\t\t\t\t\t<\/span>\n\t\t\t\t\t<\/a>\n\t\t\t\t<\/div>\n\t\t\t\t\t\t\t\t<\/div>\n\t\t\t\t<\/div>\n\t\t\t\t\t<\/div>\n\t\t<\/div>\n\t\t\t\t\t<\/div>\n\t\t<\/section>\n\t\t\t\t<section class=\"elementor-section elementor-top-section elementor-element elementor-element-a1ac7d3 elementor-section-boxed elementor-section-height-default elementor-section-height-default\" data-id=\"a1ac7d3\" data-element_type=\"section\">\n\t\t\t\t\t\t<div class=\"elementor-container elementor-column-gap-default\">\n\t\t\t\t\t<div class=\"elementor-column elementor-col-100 elementor-top-column elementor-element elementor-element-8486cab\" data-id=\"8486cab\" data-element_type=\"column\">\n\t\t\t<div class=\"elementor-widget-wrap elementor-element-populated\">\n\t\t\t\t\t\t<section class=\"elementor-section elementor-inner-section elementor-element elementor-element-4aa54e4 elementor-section-boxed elementor-section-height-default elementor-section-height-default\" data-id=\"4aa54e4\" data-element_type=\"section\" data-settings=\"{&quot;background_background&quot;:&quot;classic&quot;}\">\n\t\t\t\t\t\t<div class=\"elementor-container elementor-column-gap-default\">\n\t\t\t\t\t<div class=\"elementor-column elementor-col-66 elementor-inner-column elementor-element elementor-element-34ae97e\" data-id=\"34ae97e\" data-element_type=\"column\" data-settings=\"{&quot;background_background&quot;:&quot;classic&quot;}\">\n\t\t\t<div class=\"elementor-widget-wrap elementor-element-populated\">\n\t\t\t\t\t<div class=\"elementor-background-overlay\"><\/div>\n\t\t\t\t\t\t<div class=\"elementor-element elementor-element-f8034c3 elementor-widget elementor-widget-text-editor\" data-id=\"f8034c3\" data-element_type=\"widget\" data-widget_type=\"text-editor.default\">\n\t\t\t\t<div class=\"elementor-widget-container\">\n\t\t\t\t\t\t\t\t\t<p>Coach<\/p>\t\t\t\t\t\t\t\t<\/div>\n\t\t\t\t<\/div>\n\t\t\t\t<div class=\"elementor-element elementor-element-3f8fc04 elementor-widget elementor-widget-heading\" data-id=\"3f8fc04\" data-element_type=\"widget\" data-widget_type=\"heading.default\">\n\t\t\t\t<div class=\"elementor-widget-container\">\n\t\t\t\t\t<h3 class=\"elementor-heading-title elementor-size-default\">Allar Raja <\/h3>\t\t\t\t<\/div>\n\t\t\t\t<\/div>\n\t\t\t\t<div class=\"elementor-element elementor-element-fc1f2b4 elementor-widget elementor-widget-text-editor\" data-id=\"fc1f2b4\" data-element_type=\"widget\" data-widget_type=\"text-editor.default\">\n\t\t\t\t<div class=\"elementor-widget-container\">\n\t\t\t\t\t\t\t\t\t<p>Tippsportlasena tean, kui oluline on tagasil\u00f6\u00f6kide ajal mitte olukorda kinni j\u00e4\u00e4da, vaid leida \u00fcles v\u00f5imalused edasi minekuks. Siiski on tagasil\u00f6\u00f6gid on v\u00e4ltimatud. Oluline on hoida fookust ja p\u00fcsida valitud suunal.<\/p>\t\t\t\t\t\t\t\t<\/div>\n\t\t\t\t<\/div>\n\t\t\t\t<div class=\"elementor-element elementor-element-36023c5 elementor-align-left elementor-widget elementor-widget-button\" data-id=\"36023c5\" data-element_type=\"widget\" data-widget_type=\"button.default\">\n\t\t\t\t<div class=\"elementor-widget-container\">\n\t\t\t\t\t\t\t\t\t<div class=\"elementor-button-wrapper\">\n\t\t\t\t\t<a class=\"elementor-button elementor-button-link elementor-size-sm\" href=\"https:\/\/pivotly.ee\/test\/coachid\/allar-raja\/\">\n\t\t\t\t\t\t<span class=\"elementor-button-content-wrapper\">\n\t\t\t\t\t\t\t\t\t<span class=\"elementor-button-text\">Minu lugu<\/span>\n\t\t\t\t\t<\/span>\n\t\t\t\t\t<\/a>\n\t\t\t\t<\/div>\n\t\t\t\t\t\t\t\t<\/div>\n\t\t\t\t<\/div>\n\t\t\t\t\t<\/div>\n\t\t<\/div>\n\t\t\t\t<div class=\"elementor-column elementor-col-33 elementor-inner-column elementor-element elementor-element-e57c87c\" data-id=\"e57c87c\" data-element_type=\"column\" data-settings=\"{&quot;background_background&quot;:&quot;classic&quot;}\">\n\t\t\t<div class=\"elementor-widget-wrap elementor-element-populated\">\n\t\t\t\t\t\t<div class=\"elementor-element elementor-element-2d8767d elementor-widget elementor-widget-spacer\" data-id=\"2d8767d\" data-element_type=\"widget\" data-widget_type=\"spacer.default\">\n\t\t\t\t<div class=\"elementor-widget-container\">\n\t\t\t\t\t\t\t<div class=\"elementor-spacer\">\n\t\t\t<div class=\"elementor-spacer-inner\"><\/div>\n\t\t<\/div>\n\t\t\t\t\t\t<\/div>\n\t\t\t\t<\/div>\n\t\t\t\t\t<\/div>\n\t\t<\/div>\n\t\t\t\t\t<\/div>\n\t\t<\/section>\n\t\t\t\t\t<\/div>\n\t\t<\/div>\n\t\t\t\t\t<\/div>\n\t\t<\/section>\n\t\t\t\t<\/div>\n\t\t","protected":false},"excerpt":{"rendered":"<p>Pakett Inspiratsioonip\u00e4ev Kui sa tunned, et sinu meeskonnal hakkab langema motivatsioon, siis on see pakett m\u00f5eldud just sinu jaoks. Arutame koos l\u00e4bi ettev\u00f5tte valukohad ja paneme paika eem\u00e4rgid nii ettev\u00f5tte kui ka individuaalses vaates.\u00a0 Pika sportlasekarj\u00e4\u00e4ri jooksul on mul olnud palju erinevaid treenereid, kes k\u00f5ik on kasutanud heade tulemusteni j\u00f5udmise nimel erinevaid meetodeid. Tean omast [&hellip;]<\/p>\n","protected":false},"author":1,"featured_media":0,"parent":965,"menu_order":0,"comment_status":"closed","ping_status":"closed","template":"","meta":{"om_disable_all_campaigns":false,"inline_featured_image":false,"_uf_show_specific_survey":0,"_uf_disable_surveys":false,"footnotes":""},"class_list":["post-1564","page","type-page","status-publish","hentry"],"_links":{"self":[{"href":"https:\/\/pivotly.ee\/test\/wp-json\/wp\/v2\/pages\/1564","targetHints":{"allow":["GET"]}}],"collection":[{"href":"https:\/\/pivotly.ee\/test\/wp-json\/wp\/v2\/pages"}],"about":[{"href":"https:\/\/pivotly.ee\/test\/wp-json\/wp\/v2\/types\/page"}],"author":[{"embeddable":true,"href":"https:\/\/pivotly.ee\/test\/wp-json\/wp\/v2\/users\/1"}],"replies":[{"embeddable":true,"href":"https:\/\/pivotly.ee\/test\/wp-json\/wp\/v2\/comments?post=1564"}],"version-history":[{"count":22,"href":"https:\/\/pivotly.ee\/test\/wp-json\/wp\/v2\/pages\/1564\/revisions"}],"predecessor-version":[{"id":2927,"href":"https:\/\/pivotly.ee\/test\/wp-json\/wp\/v2\/pages\/1564\/revisions\/2927"}],"up":[{"embeddable":true,"href":"https:\/\/pivotly.ee\/test\/wp-json\/wp\/v2\/pages\/965"}],"wp:attachment":[{"href":"https:\/\/pivotly.ee\/test\/wp-json\/wp\/v2\/media?parent=1564"}],"curies":[{"name":"wp","href":"https:\/\/api.w.org\/{rel}","templated":true}]}}