{"id":1590,"date":"2023-03-14T13:48:37","date_gmt":"2023-03-14T13:48:37","guid":{"rendered":"https:\/\/pivotly.ee\/test\/?page_id=1590"},"modified":"2023-04-13T07:54:55","modified_gmt":"2023-04-13T07:54:55","slug":"pivotly-for-business","status":"publish","type":"page","link":"https:\/\/pivotly.ee\/test\/argo-teetlaus\/pivotly-for-business\/","title":{"rendered":"Pivotly for business"},"content":{"rendered":"\t\t<div data-elementor-type=\"wp-page\" data-elementor-id=\"1590\" class=\"elementor elementor-1590\">\n\t\t\t\t\t\t<section class=\"elementor-section elementor-top-section elementor-element elementor-element-4dce87e elementor-reverse-mobile elementor-section-boxed elementor-section-height-default elementor-section-height-default\" data-id=\"4dce87e\" data-element_type=\"section\" data-settings=\"{&quot;background_background&quot;:&quot;classic&quot;}\">\n\t\t\t\t\t\t<div class=\"elementor-container elementor-column-gap-default\">\n\t\t\t\t\t<div class=\"elementor-column elementor-col-33 elementor-top-column elementor-element elementor-element-89d2dae\" data-id=\"89d2dae\" data-element_type=\"column\">\n\t\t\t<div class=\"elementor-widget-wrap elementor-element-populated\">\n\t\t\t\t\t\t<div class=\"elementor-element elementor-element-98adcbe elementor-widget elementor-widget-image\" data-id=\"98adcbe\" data-element_type=\"widget\" data-widget_type=\"image.default\">\n\t\t\t\t<div class=\"elementor-widget-container\">\n\t\t\t\t\t\t\t\t\t\t\t\t\t\t\t<img fetchpriority=\"high\" decoding=\"async\" width=\"410\" height=\"700\" src=\"https:\/\/pivotly.ee\/test\/wp-content\/uploads\/2023\/03\/inspiratsioonipaev.png\" class=\"attachment-full size-full wp-image-1567\" alt=\"\" srcset=\"https:\/\/pivotly.ee\/test\/wp-content\/uploads\/2023\/03\/inspiratsioonipaev.png 410w, https:\/\/pivotly.ee\/test\/wp-content\/uploads\/2023\/03\/inspiratsioonipaev-176x300.png 176w\" sizes=\"(max-width: 410px) 100vw, 410px\" \/>\t\t\t\t\t\t\t\t\t\t\t\t\t\t\t<\/div>\n\t\t\t\t<\/div>\n\t\t\t\t\t<\/div>\n\t\t<\/div>\n\t\t\t\t<div class=\"elementor-column elementor-col-66 elementor-top-column elementor-element elementor-element-08f08d6\" data-id=\"08f08d6\" data-element_type=\"column\">\n\t\t\t<div class=\"elementor-widget-wrap elementor-element-populated\">\n\t\t\t\t\t\t<div class=\"elementor-element elementor-element-01b4ab6 elementor-widget elementor-widget-text-editor\" data-id=\"01b4ab6\" data-element_type=\"widget\" data-widget_type=\"text-editor.default\">\n\t\t\t\t<div class=\"elementor-widget-container\">\n\t\t\t\t\t\t\t\t\t<p>Pakett<\/p>\t\t\t\t\t\t\t\t<\/div>\n\t\t\t\t<\/div>\n\t\t\t\t<div class=\"elementor-element elementor-element-48b0da7 elementor-widget elementor-widget-heading\" data-id=\"48b0da7\" data-element_type=\"widget\" data-widget_type=\"heading.default\">\n\t\t\t\t<div class=\"elementor-widget-container\">\n\t\t\t\t\t<h1 class=\"elementor-heading-title elementor-size-default\">Pivotly for business<\/h1>\t\t\t\t<\/div>\n\t\t\t\t<\/div>\n\t\t\t\t<div class=\"elementor-element elementor-element-f7bb4cd elementor-widget elementor-widget-text-editor\" data-id=\"f7bb4cd\" data-element_type=\"widget\" data-widget_type=\"text-editor.default\">\n\t\t\t\t<div class=\"elementor-widget-container\">\n\t\t\t\t\t\t\t\t\t<p>K\u00f5ik meie \u00fcmber on pidevas muutumises ning kiire kohanemisoskus on suur konkurentsieelis. Muutuste juhtimine on ettev\u00f5tluses \u00fcks olulisimaid protsesse. Kui sinu ettev\u00f5ttel j\u00e4\u00e4b vajaka spetsiifilisest oskusteabest ja eesm\u00e4rkide ellu viimise kogemusest, siis oled j\u00f5udnud \u00f5igesse kohta.\u00a0<\/p><p>Pivotly for Business just seda pakub &#8211; oskust ja kogemust p\u00f6\u00f6rdepunktid efektiivselt ja professionaalselt ellu viia.<\/p><p>V\u00e4ljakutsed v\u00f5ivad olla v\u00e4ga erinevad \u2013 struktuurimuudatused, erinevate struktuuri\u00fcksuste \u00fclesehitamine (m\u00fc\u00fcgitiim, klienditugi vms), protsesside digitaliseerimine ja arendamine, tarkvaraliste lahenduste integreerimine, jne.<\/p><p>Koondame iga projekti jaoks eraldi spetsialistide tiimi, kes ettev\u00f5tte tiimiga koost\u00f6\u00f6s plaanitud muutused ellu viia aitavad.<\/p><p>Unikaalseks teeb meie poolt pakutu asjaolu, et me teeme seda coachivas v\u00f5tmes. Protsessi juhivad diplomeeritud coachid ja l\u00e4bi coachiva t\u00f6\u00f6meetodi suudame kaasata k\u00f5ik osapooled, minna teemadega s\u00fcvitsi ja j\u00f5uda optimaalse aja jooksul s\u00fcgavate muutusteni.<\/p><p>Me ei koolita vaid treenime.<\/p><p>Me ei toeta muudatuste l\u00e4biviimist vaid viime muudatused ellu.<\/p><p>Lahendus on kiire, professionaalne, uuenduslik, kaasav ja soovitud tulemusi toov!<\/p>\t\t\t\t\t\t\t\t<\/div>\n\t\t\t\t<\/div>\n\t\t\t\t<div class=\"elementor-element elementor-element-457dc20 elementor-align-left elementor-widget elementor-widget-button\" data-id=\"457dc20\" data-element_type=\"widget\" data-widget_type=\"button.default\">\n\t\t\t\t<div class=\"elementor-widget-container\">\n\t\t\t\t\t\t\t\t\t<div class=\"elementor-button-wrapper\">\n\t\t\t\t\t<a class=\"elementor-button elementor-button-link elementor-size-sm\" href=\"https:\/\/pivotly.ee\/test\/vota-uhendust\/\">\n\t\t\t\t\t\t<span class=\"elementor-button-content-wrapper\">\n\t\t\t\t\t\t\t\t\t<span class=\"elementor-button-text\">Broneeri kohtumine<\/span>\n\t\t\t\t\t<\/span>\n\t\t\t\t\t<\/a>\n\t\t\t\t<\/div>\n\t\t\t\t\t\t\t\t<\/div>\n\t\t\t\t<\/div>\n\t\t\t\t\t<\/div>\n\t\t<\/div>\n\t\t\t\t\t<\/div>\n\t\t<\/section>\n\t\t\t\t<section class=\"elementor-section elementor-top-section elementor-element elementor-element-a1ac7d3 elementor-section-boxed elementor-section-height-default elementor-section-height-default\" data-id=\"a1ac7d3\" data-element_type=\"section\">\n\t\t\t\t\t\t<div class=\"elementor-container elementor-column-gap-default\">\n\t\t\t\t\t<div class=\"elementor-column elementor-col-100 elementor-top-column elementor-element elementor-element-8486cab\" data-id=\"8486cab\" data-element_type=\"column\">\n\t\t\t<div class=\"elementor-widget-wrap elementor-element-populated\">\n\t\t\t\t\t\t<section class=\"elementor-section elementor-inner-section elementor-element elementor-element-4aa54e4 elementor-section-boxed elementor-section-height-default elementor-section-height-default\" data-id=\"4aa54e4\" data-element_type=\"section\" data-settings=\"{&quot;background_background&quot;:&quot;classic&quot;}\">\n\t\t\t\t\t\t<div class=\"elementor-container elementor-column-gap-default\">\n\t\t\t\t\t<div class=\"elementor-column elementor-col-66 elementor-inner-column elementor-element elementor-element-34ae97e\" data-id=\"34ae97e\" data-element_type=\"column\" data-settings=\"{&quot;background_background&quot;:&quot;classic&quot;}\">\n\t\t\t<div class=\"elementor-widget-wrap elementor-element-populated\">\n\t\t\t\t\t<div class=\"elementor-background-overlay\"><\/div>\n\t\t\t\t\t\t<div class=\"elementor-element elementor-element-f8034c3 elementor-widget elementor-widget-text-editor\" data-id=\"f8034c3\" data-element_type=\"widget\" data-widget_type=\"text-editor.default\">\n\t\t\t\t<div class=\"elementor-widget-container\">\n\t\t\t\t\t\t\t\t\t<p>Coach<\/p>\t\t\t\t\t\t\t\t<\/div>\n\t\t\t\t<\/div>\n\t\t\t\t<div class=\"elementor-element elementor-element-3f8fc04 elementor-widget elementor-widget-heading\" data-id=\"3f8fc04\" data-element_type=\"widget\" data-widget_type=\"heading.default\">\n\t\t\t\t<div class=\"elementor-widget-container\">\n\t\t\t\t\t<h3 class=\"elementor-heading-title elementor-size-default\">Argo Teetlaus\n<\/h3>\t\t\t\t<\/div>\n\t\t\t\t<\/div>\n\t\t\t\t<div class=\"elementor-element elementor-element-fc1f2b4 elementor-widget elementor-widget-text-editor\" data-id=\"fc1f2b4\" data-element_type=\"widget\" data-widget_type=\"text-editor.default\">\n\t\t\t\t<div class=\"elementor-widget-container\">\n\t\t\t\t\t\t\t\t\t<p><span style=\"color: var( --e-global-color-primary );\">Olen kogenud juht, kellel veerand sajandi pikkune kogemustepagas. See on olnud erakordselt \u00f5petlik teekond. T\u00e4na olen ma j\u00f5udnud kohta, kus saan oma kogemuste ja oskustega toetada sind elu p\u00f6\u00f6rdepunktides.\u00a0 Aitan Sul leida k\u00f5ige parema versiooni iseendast. Minuga saaksid tuleviku, mida sa p\u00e4riselt tahad.<\/span><\/p>\t\t\t\t\t\t\t\t<\/div>\n\t\t\t\t<\/div>\n\t\t\t\t<div class=\"elementor-element elementor-element-36023c5 elementor-align-left elementor-widget elementor-widget-button\" data-id=\"36023c5\" data-element_type=\"widget\" data-widget_type=\"button.default\">\n\t\t\t\t<div class=\"elementor-widget-container\">\n\t\t\t\t\t\t\t\t\t<div class=\"elementor-button-wrapper\">\n\t\t\t\t\t<a class=\"elementor-button elementor-button-link elementor-size-sm\" href=\"https:\/\/pivotly.ee\/test\/coachid\/argo-teetlaus\/\">\n\t\t\t\t\t\t<span class=\"elementor-button-content-wrapper\">\n\t\t\t\t\t\t\t\t\t<span class=\"elementor-button-text\">Minu lugu<\/span>\n\t\t\t\t\t<\/span>\n\t\t\t\t\t<\/a>\n\t\t\t\t<\/div>\n\t\t\t\t\t\t\t\t<\/div>\n\t\t\t\t<\/div>\n\t\t\t\t\t<\/div>\n\t\t<\/div>\n\t\t\t\t<div class=\"elementor-column elementor-col-33 elementor-inner-column elementor-element elementor-element-e57c87c\" data-id=\"e57c87c\" data-element_type=\"column\" data-settings=\"{&quot;background_background&quot;:&quot;classic&quot;}\">\n\t\t\t<div class=\"elementor-widget-wrap elementor-element-populated\">\n\t\t\t\t\t\t<div class=\"elementor-element elementor-element-2d8767d elementor-widget elementor-widget-spacer\" data-id=\"2d8767d\" data-element_type=\"widget\" data-widget_type=\"spacer.default\">\n\t\t\t\t<div class=\"elementor-widget-container\">\n\t\t\t\t\t\t\t<div class=\"elementor-spacer\">\n\t\t\t<div class=\"elementor-spacer-inner\"><\/div>\n\t\t<\/div>\n\t\t\t\t\t\t<\/div>\n\t\t\t\t<\/div>\n\t\t\t\t\t<\/div>\n\t\t<\/div>\n\t\t\t\t\t<\/div>\n\t\t<\/section>\n\t\t\t\t\t<\/div>\n\t\t<\/div>\n\t\t\t\t\t<\/div>\n\t\t<\/section>\n\t\t\t\t<\/div>\n\t\t","protected":false},"excerpt":{"rendered":"<p>Pakett Pivotly for business K\u00f5ik meie \u00fcmber on pidevas muutumises ning kiire kohanemisoskus on suur konkurentsieelis. Muutuste juhtimine on ettev\u00f5tluses \u00fcks olulisimaid protsesse. Kui sinu ettev\u00f5ttel j\u00e4\u00e4b vajaka spetsiifilisest oskusteabest ja eesm\u00e4rkide ellu viimise kogemusest, siis oled j\u00f5udnud \u00f5igesse kohta.\u00a0 Pivotly for Business just seda pakub &#8211; oskust ja kogemust p\u00f6\u00f6rdepunktid efektiivselt ja professionaalselt ellu [&hellip;]<\/p>\n","protected":false},"author":1,"featured_media":0,"parent":1041,"menu_order":0,"comment_status":"closed","ping_status":"closed","template":"","meta":{"om_disable_all_campaigns":false,"inline_featured_image":false,"_uf_show_specific_survey":0,"_uf_disable_surveys":false,"footnotes":""},"class_list":["post-1590","page","type-page","status-publish","hentry"],"_links":{"self":[{"href":"https:\/\/pivotly.ee\/test\/wp-json\/wp\/v2\/pages\/1590","targetHints":{"allow":["GET"]}}],"collection":[{"href":"https:\/\/pivotly.ee\/test\/wp-json\/wp\/v2\/pages"}],"about":[{"href":"https:\/\/pivotly.ee\/test\/wp-json\/wp\/v2\/types\/page"}],"author":[{"embeddable":true,"href":"https:\/\/pivotly.ee\/test\/wp-json\/wp\/v2\/users\/1"}],"replies":[{"embeddable":true,"href":"https:\/\/pivotly.ee\/test\/wp-json\/wp\/v2\/comments?post=1590"}],"version-history":[{"count":22,"href":"https:\/\/pivotly.ee\/test\/wp-json\/wp\/v2\/pages\/1590\/revisions"}],"predecessor-version":[{"id":2939,"href":"https:\/\/pivotly.ee\/test\/wp-json\/wp\/v2\/pages\/1590\/revisions\/2939"}],"up":[{"embeddable":true,"href":"https:\/\/pivotly.ee\/test\/wp-json\/wp\/v2\/pages\/1041"}],"wp:attachment":[{"href":"https:\/\/pivotly.ee\/test\/wp-json\/wp\/v2\/media?parent=1590"}],"curies":[{"name":"wp","href":"https:\/\/api.w.org\/{rel}","templated":true}]}}