{"id":4035,"date":"2024-01-28T19:37:23","date_gmt":"2024-01-28T19:37:23","guid":{"rendered":"https:\/\/pivotly.ee\/test\/?page_id=4035"},"modified":"2024-01-28T19:58:51","modified_gmt":"2024-01-28T19:58:51","slug":"arenguprogramm-juhtidele","status":"publish","type":"page","link":"https:\/\/pivotly.ee\/test\/arenguprogramm-juhtidele\/","title":{"rendered":"Arenguprogramm juhtidele"},"content":{"rendered":"\t\t<div data-elementor-type=\"wp-page\" data-elementor-id=\"4035\" class=\"elementor elementor-4035\">\n\t\t\t\t\t\t<section class=\"elementor-section elementor-top-section elementor-element elementor-element-3201388 elementor-section-boxed elementor-section-height-default elementor-section-height-default\" data-id=\"3201388\" data-element_type=\"section\">\n\t\t\t\t\t\t<div class=\"elementor-container elementor-column-gap-default\">\n\t\t\t\t\t<div class=\"elementor-column elementor-col-100 elementor-top-column elementor-element elementor-element-0a04716\" data-id=\"0a04716\" data-element_type=\"column\">\n\t\t\t<div class=\"elementor-widget-wrap elementor-element-populated\">\n\t\t\t\t\t\t<div class=\"elementor-element elementor-element-708a83e elementor-widget elementor-widget-spacer\" data-id=\"708a83e\" data-element_type=\"widget\" data-widget_type=\"spacer.default\">\n\t\t\t\t<div class=\"elementor-widget-container\">\n\t\t\t\t\t\t\t<div class=\"elementor-spacer\">\n\t\t\t<div class=\"elementor-spacer-inner\"><\/div>\n\t\t<\/div>\n\t\t\t\t\t\t<\/div>\n\t\t\t\t<\/div>\n\t\t\t\t\t<\/div>\n\t\t<\/div>\n\t\t\t\t\t<\/div>\n\t\t<\/section>\n\t\t\t\t<section class=\"elementor-section elementor-top-section elementor-element elementor-element-57a2f42 elementor-section-boxed elementor-section-height-default elementor-section-height-default\" data-id=\"57a2f42\" data-element_type=\"section\">\n\t\t\t\t\t\t<div class=\"elementor-container elementor-column-gap-default\">\n\t\t\t\t\t<div class=\"elementor-column elementor-col-50 elementor-top-column elementor-element elementor-element-0bc5215\" data-id=\"0bc5215\" data-element_type=\"column\">\n\t\t\t<div class=\"elementor-widget-wrap elementor-element-populated\">\n\t\t\t\t\t\t<div class=\"elementor-element elementor-element-8e039b6 elementor-widget__width-initial elementor-widget elementor-widget-text-editor\" data-id=\"8e039b6\" data-element_type=\"widget\" data-widget_type=\"text-editor.default\">\n\t\t\t\t<div class=\"elementor-widget-container\">\n\t\t\t\t\t\t\t\t\t<div class=\"xdj266r x11i5rnm xat24cr x1mh8g0r x1vvkbs\"><span style=\"color: #000000;\"><strong>VASTUTAN. MUUTUN. KASVAN.<\/strong><\/span><\/div><div>\u00a0<\/div><div class=\"xdj266r x11i5rnm xat24cr x1mh8g0r x1vvkbs\"><span style=\"color: #000000;\">Arenguprogramm juhtidele \u2013 professionaalse kasvamise teekond.<\/span><\/div><div>\u00a0<\/div><div class=\"x11i5rnm xat24cr x1mh8g0r x1vvkbs xtlvy1s\"><span style=\"color: #000000;\">Arenguprogramm on loodud sulle, kui sa esitad endale k\u00fcsimusi, et kuidas oma edasist professionaalset arengut juhtida.<\/span><\/div><div>\u00a0<\/div><div class=\"x11i5rnm xat24cr x1mh8g0r x1vvkbs xtlvy1s\"><span style=\"color: #000000;\"><strong>Mida sa programmist saad?<\/strong><\/span><br \/><span style=\"color: #000000;\"><strong><br \/><\/strong><\/span><\/div><ul><li class=\"x11i5rnm xat24cr x1mh8g0r x1vvkbs xtlvy1s\"><span style=\"color: #000000;\">S\u00f5nastad oma soovid ja tulevikuvisiooni nii professionaalses kui isiklikus plaanis<\/span><\/li><li class=\"x11i5rnm xat24cr x1mh8g0r x1vvkbs xtlvy1s\"><span style=\"color: #000000;\">\u00d5pid aru saama, kuidas sa k\u00e4itud muutustes<\/span><\/li><li class=\"x11i5rnm xat24cr x1mh8g0r x1vvkbs xtlvy1s\"><span style=\"color: #000000;\">Oskad juhtida oma stressi ja heaolu, et tegutseda maksimaalse energiaga<\/span><\/li><li class=\"x11i5rnm xat24cr x1mh8g0r x1vvkbs xtlvy1s\"><span style=\"color: #000000;\">Oskad teadlikult raskeid otsuseid langetada<\/span><\/li><li class=\"x11i5rnm xat24cr x1mh8g0r x1vvkbs xtlvy1s\"><span style=\"color: #000000;\">Inspireerid ja kaasad inimesi koost\u00f6\u00f6le<\/span><\/li><li class=\"x11i5rnm xat24cr x1mh8g0r x1vvkbs xtlvy1s\"><span style=\"color: #000000;\">Juhid muutusi organisatsioonis ja \u00fchiskonnas tervikuna<\/span><\/li><li class=\"x11i5rnm xat24cr x1mh8g0r x1vvkbs xtlvy1s\"><span style=\"color: #000000;\">Koostad isikliku arengukava ja asud seda ellu viima.<\/span><\/li><\/ul><div>\u00a0<\/div><div class=\"x11i5rnm xat24cr x1mh8g0r x1vvkbs xtlvy1s\"><span style=\"color: #000000;\"><strong>Kellele see programm on loodud?<\/strong><\/span><\/div><div class=\"x11i5rnm xat24cr x1mh8g0r x1vvkbs xtlvy1s\"><span style=\"color: #000000;\"><strong>\u00a0<\/strong><\/span><\/div><ul><li class=\"x11i5rnm xat24cr x1mh8g0r x1vvkbs xtlvy1s\"><span style=\"color: #000000;\">Juhtidele, kes tunnevad, et klassikaline juhtimiskoolitus on l\u00e4bitud etapp ning ei ole toonud piisavalt lahendusi, t\u00f6\u00f6riistu teie ellu.<br \/><br \/><\/span><\/li><li class=\"x11i5rnm xat24cr x1mh8g0r x1vvkbs xtlvy1s\"><span style=\"color: #000000;\">Tulevastele juhtidele, kes on j\u00e4relkasvuks oma organisatsioonis ning kes soovivad saada aru, kas juhi roll on midagi, mis neil silma s\u00e4rama paneb.<\/span><br \/><br \/><\/li><li class=\"x11i5rnm xat24cr x1mh8g0r x1vvkbs xtlvy1s\"><span style=\"color: #000000;\">Juhtidele, kes on j\u00f5udnud t\u00f5demuseni, et antud roll on ennast ammendanud, soovivad muutust, aga ei tea, kuidas alustada.<\/span><\/li><\/ul><div>\u00a0<\/div><div class=\"x11i5rnm xat24cr x1mh8g0r x1vvkbs xtlvy1s\"><span style=\"color: #000000;\">Loe programmi kohta t\u00e4psemalt ja tule osalema:\u00a0<\/span><\/div>\t\t\t\t\t\t\t\t<\/div>\n\t\t\t\t<\/div>\n\t\t\t\t<div class=\"elementor-element elementor-element-0d172d2 elementor-widget elementor-widget-spacer\" data-id=\"0d172d2\" data-element_type=\"widget\" data-widget_type=\"spacer.default\">\n\t\t\t\t<div class=\"elementor-widget-container\">\n\t\t\t\t\t\t\t<div class=\"elementor-spacer\">\n\t\t\t<div class=\"elementor-spacer-inner\"><\/div>\n\t\t<\/div>\n\t\t\t\t\t\t<\/div>\n\t\t\t\t<\/div>\n\t\t\t\t<div class=\"elementor-element elementor-element-aacfc71 elementor-widget elementor-widget-button\" data-id=\"aacfc71\" data-element_type=\"widget\" data-widget_type=\"button.default\">\n\t\t\t\t<div class=\"elementor-widget-container\">\n\t\t\t\t\t\t\t\t\t<div class=\"elementor-button-wrapper\">\n\t\t\t\t\t<a class=\"elementor-button elementor-button-link elementor-size-sm\" href=\"https:\/\/subscribepage.io\/arenguprogramm_juhtidele\" target=\"_blank\" rel=\"noopener\">\n\t\t\t\t\t\t<span class=\"elementor-button-content-wrapper\">\n\t\t\t\t\t\t\t\t\t<span class=\"elementor-button-text\">Registreeru siin<\/span>\n\t\t\t\t\t<\/span>\n\t\t\t\t\t<\/a>\n\t\t\t\t<\/div>\n\t\t\t\t\t\t\t\t<\/div>\n\t\t\t\t<\/div>\n\t\t\t\t\t<\/div>\n\t\t<\/div>\n\t\t\t\t<div class=\"elementor-column elementor-col-50 elementor-top-column elementor-element elementor-element-b12023a\" data-id=\"b12023a\" data-element_type=\"column\">\n\t\t\t<div class=\"elementor-widget-wrap elementor-element-populated\">\n\t\t\t\t\t\t<div class=\"elementor-element elementor-element-0f4edd4 elementor-widget elementor-widget-image\" data-id=\"0f4edd4\" data-element_type=\"widget\" data-widget_type=\"image.default\">\n\t\t\t\t<div class=\"elementor-widget-container\">\n\t\t\t\t\t\t\t\t\t\t\t\t\t\t\t<img fetchpriority=\"high\" decoding=\"async\" width=\"800\" height=\"451\" src=\"https:\/\/pivotly.ee\/test\/wp-content\/uploads\/2024\/01\/417368211_7756103384406077_4044416486343621963_n-1024x577.jpg\" class=\"attachment-large size-large wp-image-4080\" alt=\"\" srcset=\"https:\/\/pivotly.ee\/test\/wp-content\/uploads\/2024\/01\/417368211_7756103384406077_4044416486343621963_n-1024x577.jpg 1024w, https:\/\/pivotly.ee\/test\/wp-content\/uploads\/2024\/01\/417368211_7756103384406077_4044416486343621963_n-300x169.jpg 300w, https:\/\/pivotly.ee\/test\/wp-content\/uploads\/2024\/01\/417368211_7756103384406077_4044416486343621963_n-768x433.jpg 768w, https:\/\/pivotly.ee\/test\/wp-content\/uploads\/2024\/01\/417368211_7756103384406077_4044416486343621963_n-1536x865.jpg 1536w, https:\/\/pivotly.ee\/test\/wp-content\/uploads\/2024\/01\/417368211_7756103384406077_4044416486343621963_n.jpg 1640w\" sizes=\"(max-width: 800px) 100vw, 800px\" \/>\t\t\t\t\t\t\t\t\t\t\t\t\t\t\t<\/div>\n\t\t\t\t<\/div>\n\t\t\t\t\t<\/div>\n\t\t<\/div>\n\t\t\t\t\t<\/div>\n\t\t<\/section>\n\t\t\t\t<\/div>\n\t\t","protected":false},"excerpt":{"rendered":"<p>VASTUTAN. MUUTUN. KASVAN.\u00a0Arenguprogramm juhtidele \u2013 professionaalse kasvamise teekond.\u00a0Arenguprogramm on loodud sulle, kui sa esitad endale k\u00fcsimusi, et kuidas oma edasist professionaalset arengut juhtida.\u00a0Mida sa programmist saad? S\u00f5nastad oma soovid ja tulevikuvisiooni nii professionaalses kui isiklikus plaanis \u00d5pid aru saama, kuidas sa k\u00e4itud muutustes Oskad juhtida oma stressi ja heaolu, et tegutseda maksimaalse energiaga Oskad teadlikult [&hellip;]<\/p>\n","protected":false},"author":1,"featured_media":0,"parent":0,"menu_order":0,"comment_status":"closed","ping_status":"closed","template":"","meta":{"om_disable_all_campaigns":false,"inline_featured_image":false,"_uf_show_specific_survey":0,"_uf_disable_surveys":false,"footnotes":""},"class_list":["post-4035","page","type-page","status-publish","hentry"],"_links":{"self":[{"href":"https:\/\/pivotly.ee\/test\/wp-json\/wp\/v2\/pages\/4035","targetHints":{"allow":["GET"]}}],"collection":[{"href":"https:\/\/pivotly.ee\/test\/wp-json\/wp\/v2\/pages"}],"about":[{"href":"https:\/\/pivotly.ee\/test\/wp-json\/wp\/v2\/types\/page"}],"author":[{"embeddable":true,"href":"https:\/\/pivotly.ee\/test\/wp-json\/wp\/v2\/users\/1"}],"replies":[{"embeddable":true,"href":"https:\/\/pivotly.ee\/test\/wp-json\/wp\/v2\/comments?post=4035"}],"version-history":[{"count":32,"href":"https:\/\/pivotly.ee\/test\/wp-json\/wp\/v2\/pages\/4035\/revisions"}],"predecessor-version":[{"id":4104,"href":"https:\/\/pivotly.ee\/test\/wp-json\/wp\/v2\/pages\/4035\/revisions\/4104"}],"wp:attachment":[{"href":"https:\/\/pivotly.ee\/test\/wp-json\/wp\/v2\/media?parent=4035"}],"curies":[{"name":"wp","href":"https:\/\/api.w.org\/{rel}","templated":true}]}}